{"id":16,"date":"2023-05-20T11:09:37","date_gmt":"2023-05-20T11:09:37","guid":{"rendered":"https:\/\/entwicklung.kammerchor-marienstatt.de\/?page_id=16"},"modified":"2025-02-24T19:35:52","modified_gmt":"2025-02-24T19:35:52","slug":"impressum","status":"publish","type":"page","link":"https:\/\/kammerchor-marienstatt.de\/?page_id=16","title":{"rendered":"Impressum"},"content":{"rendered":"\n<h2 class=\"wp-block-heading\">Anbieter<\/h2>\n\n\n\n<p>Verantwortlich f\u00fcr den Inhalt der Seiten:<br>Kammerchorfreunde Marienstatt e.V.<br>c\/o Richard Zilles<br>Ziegelh\u00fctter Weg 33a<br>57627 Hachenburg<br>E-Mail: rzilles(at)rz-online.de<\/p>\n\n\n\n<h2 class=\"wp-block-heading\">Datenschutz<\/h2>\n\n\n\n<p class=\"has-text-align-left\">Der Kammerchor Marienstatt nimmt den Schutz personenbezogener Daten seiner Mitglieder und seiner Partner*innen ernst. Er hat durch technische und organisatorische Ma\u00dfnahmen sichergestellt, dass die gesetzlichen Vorschriften \u00fcber den Datenschutz sowohl von ihm als auch von externen Dienstleistungsunternehmen beachtet und eingehalten werden. <\/p>\n\n\n\n<p>Die Erhebung, Verarbeitung und Nutzung von Daten erfolgt mit Einverst\u00e4ndnis der Dateninhaber*innen und ausschlie\u00dflich zum Zweck der Erf\u00fcllung der Pflichten des Chores. Die Weitergabe von Daten an Dritte kann nur aus zwingenden Gr\u00fcnden und im Interesse des Chores erfolgen.<\/p>\n\n\n\n<p>Jedes Vereinsmitglied hat jederzeit die M\u00f6glichkeit, sich \u00fcber die Verwendung und den Verbleib seiner gesch\u00fctzten Daten zu informieren. Jedes Vereinsmitglied hat Anspruch auf Dokumentation der Einhaltung datenschutzrechtlicher Bestimmungen in Bezug auf ihre\/seine pers\u00f6nlichen Daten und hat nach Art. 17 Abs. 1 DSGVO das Recht, die erteilte Einwilligung zur Datenschutzerkl\u00e4rung jederzeit zu widerrufen und die L\u00f6schung der Daten zu verlangen.<\/p>\n\n\n\n<p>Partner des Chores und Dritte werden durch die Einhaltung der Datenschutzbestimmungen durch die Verantwortlichen des Chores in gleicher Weise gesch\u00fctzt.<\/p>\n\n\n\n<p>Es findet kein Verkauf von Daten statt.<\/p>\n\n\n\n<p>Im Falle des Widerrufs oder der Anzeige von falsch erhobenen Daten werden diese sofort gel\u00f6scht (Art. 21 und 18 DSGVO).<br>Auf das Beschwerderecht bei einer Datenaufsichtsbeh\u00f6rde wird ausdr\u00fccklich hingewiesen (Art. 77 DSGVO i. V. m. \u00a719 BDSG).<\/p>\n\n\n\n<p>F\u00fcr den Kammerchor Marienstatt ist zust\u00e4ndig:<br>Die Landesbeauftragte f\u00fcr den Datenschutz und die Informationsfreiheit Rheinland-Pfalz<br>Hintere Bleiche 34<br>55116 Mainz<\/p>\n\n\n\n<p>F\u00fcr Datenschutz im Chor verantwortlich:<br>Milena M\u00fcller, Nauweg 34a, 56070 Koblenz<\/p>\n\n\n\n<h2 class=\"wp-block-heading\">Haftungsausschluss<\/h2>\n\n\n\n<p><strong>Haftung f\u00fcr Inhalte<\/strong><br>Die Inhalte unserer Seiten wurden mit gr\u00f6\u00dfter Sorgfalt erstellt. F\u00fcr die Richtigkeit, Vollst\u00e4ndigkeit und Aktualit\u00e4t der Inhalte k\u00f6nnen wir jedoch keine Gew\u00e4hr \u00fcbernehmen. Als Diensteanbieter sind wir gem\u00e4\u00df \u00a7 7 Abs.1 TMG f\u00fcr eigene Inhalte auf diesen Seiten nach den allgemeinen Gesetzen verantwortlich. Nach \u00a7\u00a7 8 bis 10 TMG sind wir als Diensteanbieter jedoch nicht verpflichtet, \u00fcbermittelte oder gespeicherte fremde Informationen zu \u00fcberwachen oder nach Umst\u00e4nden zu forschen, die auf eine rechtswidrige T\u00e4tigkeit hinweisen. Verpflichtungen zur Entfernung oder Sperrung der Nutzung von Informationen nach den allgemeinen Gesetzen bleiben hiervon unber\u00fchrt. Eine diesbez\u00fcgliche Haftung ist jedoch erst ab dem Zeitpunkt der Kenntnis einer konkreten Rechtsverletzung m\u00f6glich. Bei Bekanntwerden von entsprechenden Rechtsverletzungen werden wir diese Inhalte umgehend entfernen.<\/p>\n\n\n\n<p><strong>Personenbezogene Daten<\/strong><br>Die Nutzung unserer Webseite ist in der Regel ohne Angabe personenbezogener Daten m\u00f6glich. Soweit auf unseren Seiten personenbezogene Daten (beispielsweise Name, Anschrift oder E-Mail-Adressen) erhoben werden sollten, erfolgt dies, soweit m\u00f6glich, stets auf freiwilliger Basis. Diese Daten werden ohne Ihre ausdr\u00fcckliche Zustimmung nicht an Dritte weitergegeben.<\/p>\n\n\n\n<p>Wir weisen darauf hin, dass die Daten\u00fcbertragung im Internet (z. B. bei der Kommunikation per E-Mail) Sicherheitsl\u00fccken aufweisen kann. Ein l\u00fcckenloser Schutz der Daten vor dem Zugriff durch Dritte ist nicht m\u00f6glich.<\/p>\n\n\n\n<p>Der Nutzung von im Rahmen der Impressumspflicht ver\u00f6ffentlichten Kontaktdaten durch Dritte zur \u00dcbersendung von nicht ausdr\u00fccklich angeforderter Werbung und Informationsmaterialien wird hiermit ausdr\u00fccklich widersprochen. Die Betreiber der Seiten behalten sich ausdr\u00fccklich rechtliche Schritte im Falle der unverlangten Zusendung von Werbeinformationen, etwa durch Spam-Mails, vor.<\/p>\n\n\n\n<p><strong>Urheberrecht<\/strong><br>Die durch die Seitenbetreiber erstellten Inhalte und Werke auf diesen Seiten unterliegen dem deutschen Urheberrecht. Die Vervielf\u00e4ltigung, Bearbeitung, Verbreitung und jede Art der Verwertung au\u00dferhalb der Grenzen des Urheberrechtes bed\u00fcrfen der schriftlichen Zustimmung der jeweiligen Autor*innen. Downloads und Kopien dieser Seite sind nur f\u00fcr den privaten, nicht kommerziellen Gebrauch gestattet. Soweit die Inhalte auf dieser Seite nicht vom Betreiber erstellt wurden, werden die Urheberrechte Dritter beachtet. Insbesondere werden Inhalte Dritter als solche gekennzeichnet. Sollten Sie trotzdem auf eine Urheberrechtsverletzung aufmerksam werden, bitten wir um einen entsprechenden Hinweis. Bei Bekanntwerden von Rechtsverletzungen werden wir derartige Inhalte umgehend entfernen.<br><br><strong>Quellenangaben der Fotos:<br><\/strong>Chorfotos: Fotostudio R\u00f6der-Moldenhauer, Bad Marienberg<br>Fotos Konzertarchiv: Fotostudio R\u00f6der-Moldenhauer, Bad Marienberg; Uwe Schollmeyer, privat; Veronika Zilles, privat<br>Hintergrundbild: Barbara von Niessen, privat<\/p>\n\n\n\n<p><strong>Haftung f\u00fcr Links<\/strong><br>Unser Angebot kann Links zu externen Webseiten Dritter enthalten, auf deren Inhalte wir keinen Einfluss haben. Deshalb k\u00f6nnen wir f\u00fcr diese fremden Inhalte auch keine Gew\u00e4hr \u00fcbernehmen. F\u00fcr die Inhalte der verlinkten Seiten ist stets der jeweilige Anbieter oder Betreiber der Seiten verantwortlich. Die verlinkten Seiten wurden zum Zeitpunkt der Verlinkung auf m\u00f6gliche Rechtsverst\u00f6\u00dfe \u00fcberpr\u00fcft. Rechtswidrige Inhalte waren zum Zeitpunkt der Verlinkung nicht erkennbar. Eine permanente inhaltliche Kontrolle der verlinkten Seiten ist jedoch ohne konkrete Anhaltspunkte einer Rechtsverletzung nicht zumutbar. Bei Bekanntwerden von Rechtsverletzungen werden wir derartige Links umgehend entfernen.<\/p>\n\n\n\n<p><strong>Nutzung von Facebook-Verweisen<\/strong><br>Unsere Internetpr\u00e4senz enth\u00e4lt ggf. Verweise (Links) zu unserer Seite im sozialen Netzwerk Facebook, 1601 South California Avenue, Palo Alto, CA 94304, USA. Wir verwenden keine Facebook-Plugins.<\/p>\n\n\n\n<p>Wenn Sie einem Facebook-Link folgen, wird eine direkte Verbindung zwischen Ihrem Browser und dem Facebook-Server hergestellt. Facebook erh\u00e4lt dadurch die Information, dass Sie mit Ihrer IP-Adresse unsere Seite besucht haben. Wenn Sie dem Facebook-Link folgen, w\u00e4hrend Sie in Ihrem Facebook-Account eingeloggt sind, k\u00f6nnen Sie die Inhalte unserer Seiten auf Ihrem Facebook-Profil verlinken. Dadurch kann Facebook den Besuch unserer Seiten Ihrem Benutzerkonto zuordnen. Wir weisen darauf hin, dass wir als Anbieter der Seiten keine Kenntnis vom Inhalt der \u00fcbermittelten Daten sowie deren Nutzung durch Facebook erhalten. Weitere Informationen hierzu finden Sie in der Datenschutzerkl\u00e4rung von facebook unter&nbsp;<a href=\"http:\/\/de-de.facebook.com\/policy.php\" target=\"_blank\" rel=\"noreferrer noopener\"><\/a><a href=\"http:\/\/de-de.facebook.com\/policy.php\" target=\"_blank\" rel=\"noreferrer noopener\">http:\/\/de-de.facebook.com\/policy.php<\/a><\/p>\n\n\n\n<p>Wenn Sie nicht w\u00fcnschen, dass Facebook den Besuch unserer Seiten Ihrem Facebook-Nutzerkonto zuordnen kann, loggen Sie sich bitte aus Ihrem Facebook-Benutzerkonto aus.<\/p>\n\n\n\n<p>Die Webseite nutzt keine Tools zur Datenanalyse.<\/p>\n","protected":false},"excerpt":{"rendered":"<p>Anbieter Verantwortlich f\u00fcr den Inhalt der Seiten:Kammerchorfreunde Marienstatt e.V.c\/o Richard ZillesZiegelh\u00fctter Weg 33a57627 HachenburgE-Mail: rzilles(at)rz-online.de Datenschutz Der Kammerchor Marienstatt nimmt den Schutz personenbezogener Daten seiner Mitglieder und seiner Partner*innen ernst. Er hat durch technische und organisatorische Ma\u00dfnahmen sichergestellt, dass die gesetzlichen Vorschriften \u00fcber den Datenschutz sowohl von ihm als auch von externen Dienstleistungsunternehmen beachtet und&hellip; <a href=\"https:\/\/kammerchor-marienstatt.de\/?page_id=16\" class=\"read-more\">Continue reading Impressum<\/a><\/p>\n","protected":false},"author":1,"featured_media":0,"parent":0,"menu_order":0,"comment_status":"closed","ping_status":"closed","template":"","meta":{"footnotes":""},"class_list":["post-16","page","type-page","status-publish","hentry"],"_links":{"self":[{"href":"https:\/\/kammerchor-marienstatt.de\/index.php?rest_route=\/wp\/v2\/pages\/16","targetHints":{"allow":["GET"]}}],"collection":[{"href":"https:\/\/kammerchor-marienstatt.de\/index.php?rest_route=\/wp\/v2\/pages"}],"about":[{"href":"https:\/\/kammerchor-marienstatt.de\/index.php?rest_route=\/wp\/v2\/types\/page"}],"author":[{"embeddable":true,"href":"https:\/\/kammerchor-marienstatt.de\/index.php?rest_route=\/wp\/v2\/users\/1"}],"replies":[{"embeddable":true,"href":"https:\/\/kammerchor-marienstatt.de\/index.php?rest_route=%2Fwp%2Fv2%2Fcomments&post=16"}],"version-history":[{"count":8,"href":"https:\/\/kammerchor-marienstatt.de\/index.php?rest_route=\/wp\/v2\/pages\/16\/revisions"}],"predecessor-version":[{"id":239,"href":"https:\/\/kammerchor-marienstatt.de\/index.php?rest_route=\/wp\/v2\/pages\/16\/revisions\/239"}],"wp:attachment":[{"href":"https:\/\/kammerchor-marienstatt.de\/index.php?rest_route=%2Fwp%2Fv2%2Fmedia&parent=16"}],"curies":[{"name":"wp","href":"https:\/\/api.w.org\/{rel}","templated":true}]}}