{"id":14,"date":"2023-05-20T11:09:37","date_gmt":"2023-05-20T11:09:37","guid":{"rendered":"https:\/\/entwicklung.kammerchor-marienstatt.de\/?page_id=14"},"modified":"2023-11-14T16:24:01","modified_gmt":"2023-11-14T16:24:01","slug":"kontakt","status":"publish","type":"page","link":"https:\/\/kammerchor-marienstatt.de\/?page_id=14","title":{"rendered":"Kontakt"},"content":{"rendered":"\n<p>M\u00f6chten Sie mitsingen, uns f\u00fcr einen Auftritt anfragen oder N\u00e4heres \u00fcber unseren Chor wissen?<br>Schreiben Sie uns \u00fcber kontakt(at)kammerchor-marienstatt.de, wir freuen uns auf Ihre Nachricht!<\/p>\n\n\n\n<figure class=\"wp-block-image size-large\"><img loading=\"lazy\" decoding=\"async\" width=\"1024\" height=\"683\" src=\"https:\/\/kammerchor-marienstatt.de\/wp-content\/uploads\/2023\/11\/RM2797-30x45-1-1024x683.jpg\" alt=\"\" class=\"wp-image-129\" srcset=\"https:\/\/kammerchor-marienstatt.de\/wp-content\/uploads\/2023\/11\/RM2797-30x45-1-1024x683.jpg 1024w, https:\/\/kammerchor-marienstatt.de\/wp-content\/uploads\/2023\/11\/RM2797-30x45-1-300x200.jpg 300w, https:\/\/kammerchor-marienstatt.de\/wp-content\/uploads\/2023\/11\/RM2797-30x45-1-768x512.jpg 768w, https:\/\/kammerchor-marienstatt.de\/wp-content\/uploads\/2023\/11\/RM2797-30x45-1-1536x1024.jpg 1536w, https:\/\/kammerchor-marienstatt.de\/wp-content\/uploads\/2023\/11\/RM2797-30x45-1-2048x1365.jpg 2048w\" sizes=\"auto, (max-width: 1024px) 100vw, 1024px\" \/><\/figure>\n","protected":false},"excerpt":{"rendered":"<p>M\u00f6chten Sie mitsingen, uns f\u00fcr einen Auftritt anfragen oder N\u00e4heres \u00fcber unseren Chor wissen?Schreiben Sie uns \u00fcber kontakt(at)kammerchor-marienstatt.de, wir freuen uns auf Ihre Nachricht!<\/p>\n","protected":false},"author":1,"featured_media":0,"parent":0,"menu_order":0,"comment_status":"closed","ping_status":"closed","template":"","meta":{"footnotes":""},"class_list":["post-14","page","type-page","status-publish","hentry"],"_links":{"self":[{"href":"https:\/\/kammerchor-marienstatt.de\/index.php?rest_route=\/wp\/v2\/pages\/14","targetHints":{"allow":["GET"]}}],"collection":[{"href":"https:\/\/kammerchor-marienstatt.de\/index.php?rest_route=\/wp\/v2\/pages"}],"about":[{"href":"https:\/\/kammerchor-marienstatt.de\/index.php?rest_route=\/wp\/v2\/types\/page"}],"author":[{"embeddable":true,"href":"https:\/\/kammerchor-marienstatt.de\/index.php?rest_route=\/wp\/v2\/users\/1"}],"replies":[{"embeddable":true,"href":"https:\/\/kammerchor-marienstatt.de\/index.php?rest_route=%2Fwp%2Fv2%2Fcomments&post=14"}],"version-history":[{"count":4,"href":"https:\/\/kammerchor-marienstatt.de\/index.php?rest_route=\/wp\/v2\/pages\/14\/revisions"}],"predecessor-version":[{"id":141,"href":"https:\/\/kammerchor-marienstatt.de\/index.php?rest_route=\/wp\/v2\/pages\/14\/revisions\/141"}],"wp:attachment":[{"href":"https:\/\/kammerchor-marienstatt.de\/index.php?rest_route=%2Fwp%2Fv2%2Fmedia&parent=14"}],"curies":[{"name":"wp","href":"https:\/\/api.w.org\/{rel}","templated":true}]}}