{"id":12,"date":"2023-05-20T11:09:37","date_gmt":"2023-05-20T11:09:37","guid":{"rendered":"https:\/\/entwicklung.kammerchor-marienstatt.de\/?page_id=12"},"modified":"2025-11-25T21:20:56","modified_gmt":"2025-11-25T21:20:56","slug":"archiv","status":"publish","type":"page","link":"https:\/\/kammerchor-marienstatt.de\/?page_id=12","title":{"rendered":"Konzertarchiv"},"content":{"rendered":"\n<p>Samstag, 21. September 2025: Wandelkonzert Betzdorf-Bruche<\/p>\n\n\n\n<p>Sonntag, 27. April 2025: Konzert &#8222;Denn er hat seinen Engeln befohlen&#8220; gemeinsam mit Musica Vocalis aus Zwolle, Katholische Kirche Hachenburg<\/p>\n\n\n\n<p>Samstag, 26. April 2025: Geistliche Abendmusik, St. Peter in Ketten, Montabaur<\/p>\n\n\n\n<p>Freitag, 24. Januar 2025: Musikalische Gestaltung des Neujahrsempfangs der Akademie der Deutschen Bundesbank, Schloss Hachenburg<\/p>\n\n\n\n<p>Sonntag, 12. Januar 2025: Musikalische Gestaltung des Gottesdienstes in der Abteikirche Marienstatt<\/p>\n\n\n\n<figure class=\"wp-block-image size-large\"><img loading=\"lazy\" decoding=\"async\" width=\"1024\" height=\"683\" src=\"https:\/\/kammerchor-marienstatt.de\/wp-content\/uploads\/2025\/02\/RM5916-Bundesbank-Saal-1024x683.jpg\" alt=\"\" class=\"wp-image-244\" srcset=\"https:\/\/kammerchor-marienstatt.de\/wp-content\/uploads\/2025\/02\/RM5916-Bundesbank-Saal-1024x683.jpg 1024w, https:\/\/kammerchor-marienstatt.de\/wp-content\/uploads\/2025\/02\/RM5916-Bundesbank-Saal-300x200.jpg 300w, https:\/\/kammerchor-marienstatt.de\/wp-content\/uploads\/2025\/02\/RM5916-Bundesbank-Saal-768x512.jpg 768w, https:\/\/kammerchor-marienstatt.de\/wp-content\/uploads\/2025\/02\/RM5916-Bundesbank-Saal-1536x1024.jpg 1536w, https:\/\/kammerchor-marienstatt.de\/wp-content\/uploads\/2025\/02\/RM5916-Bundesbank-Saal-2048x1365.jpg 2048w\" sizes=\"auto, (max-width: 1024px) 100vw, 1024px\" \/><\/figure>\n\n\n\n<p>21. Dezember 2024: Weihnachtskonzert in der Katholischen Kirche Hachenburg gemeinsam mit Giovani Cantori <\/p>\n\n\n\n<p>12. &#8211; 19. Oktober 2024: Kammerchor Marienstatt on the road &#8211; Italienreise<\/p>\n\n\n\n<p>9. Oktober 2024: \u00f6ffentliche Generalprobe in der Katholischen Kirche Hachenburg<\/p>\n\n\n\n<p>8. Juni 2024: Konzert &#8222;Da pacem domine&#8220; in der Katholischen Kirche Hachenburg gemeinsam mit Giovani Cantori (einen Konzertbericht k\u00f6nnen Sie kostenpflichtig auf den Seiten der <a href=\"https:\/\/www.rhein-zeitung.de\/region\/aus-den-lokalredaktionen\/westerwaelder-zeitung_artikel,-sommerkonzert-mit-bitte-um-frieden-kammerchor-marienstatt-brilliert-in-hachenburg-_arid,2662325.html\" target=\"_blank\" rel=\"noreferrer noopener\">Westerw\u00e4lder Zeitung<\/a> lesen)<\/p>\n\n\n\n<p>4. Mai 2024: Teilnahme am Festkonzert zum 125j\u00e4hrigen Jubil\u00e4um des Kirchenchores M\u00f6rlen in der katholischen Kirche Hachenburg<\/p>\n\n\n\n<p>23. Dezember 2023: Weihnachtskonzert in der Katholischen Kirche Hachenburg gemeinsam mit Giovani Cantori (einen Konzertbericht k\u00f6nnen Sie kostenpflichtig auf den Seiten der <a href=\"https:\/\/www.rhein-zeitung.de\/region\/aus-den-lokalredaktionen\/westerwaelder-zeitung_artikel,-magische-momente-in-hachenburg-kammerchor-marienstatt-besingt-weihnachten-_arid,2609765.html\" target=\"_blank\" rel=\"noreferrer noopener\">Westerw\u00e4lder Zeitung<\/a> lesen)<\/p>\n\n\n\n<p>3. Dezember 2023: Adventskonzert in der Basilika Marienstatt (einen Konzertbericht k\u00f6nnen Sie kostenpflichtig auf den Seiten der <a href=\"https:\/\/www.rhein-zeitung.de\/region\/aus-den-lokalredaktionen\/westerwaelder-zeitung_artikel,-musikalischer-startschuss-fuer-adventszeit-vorweihnachtlicher-jubel-begeisterte-in-abtei-marienstatt-_arid,2603038.html\" target=\"_blank\" rel=\"noreferrer noopener\">Westerw\u00e4lder Zeitung<\/a> lesen)<\/p>\n\n\n\n<figure class=\"wp-block-image size-large\"><img loading=\"lazy\" decoding=\"async\" width=\"1024\" height=\"768\" src=\"https:\/\/kammerchor-marienstatt.de\/wp-content\/uploads\/2024\/01\/Foto_Marienstatt_Uwe-1024x768.jpg\" alt=\"\" class=\"wp-image-169\" srcset=\"https:\/\/kammerchor-marienstatt.de\/wp-content\/uploads\/2024\/01\/Foto_Marienstatt_Uwe-1024x768.jpg 1024w, https:\/\/kammerchor-marienstatt.de\/wp-content\/uploads\/2024\/01\/Foto_Marienstatt_Uwe-300x225.jpg 300w, https:\/\/kammerchor-marienstatt.de\/wp-content\/uploads\/2024\/01\/Foto_Marienstatt_Uwe-768x576.jpg 768w, https:\/\/kammerchor-marienstatt.de\/wp-content\/uploads\/2024\/01\/Foto_Marienstatt_Uwe-1536x1152.jpg 1536w, https:\/\/kammerchor-marienstatt.de\/wp-content\/uploads\/2024\/01\/Foto_Marienstatt_Uwe-2048x1536.jpg 2048w\" sizes=\"auto, (max-width: 1024px) 100vw, 1024px\" \/><\/figure>\n\n\n\n<p>9. Juli 2023: Wandelkonzert im Schloss Hachenburg<\/p>\n\n\n\n<figure class=\"wp-block-image size-large\"><img loading=\"lazy\" decoding=\"async\" width=\"1024\" height=\"768\" src=\"https:\/\/kammerchor-marienstatt.de\/wp-content\/uploads\/2023\/07\/FB_IMG_1689871898948-1024x768.jpg\" alt=\"\" class=\"wp-image-106\" srcset=\"https:\/\/kammerchor-marienstatt.de\/wp-content\/uploads\/2023\/07\/FB_IMG_1689871898948-1024x768.jpg 1024w, https:\/\/kammerchor-marienstatt.de\/wp-content\/uploads\/2023\/07\/FB_IMG_1689871898948-300x225.jpg 300w, https:\/\/kammerchor-marienstatt.de\/wp-content\/uploads\/2023\/07\/FB_IMG_1689871898948-768x576.jpg 768w, https:\/\/kammerchor-marienstatt.de\/wp-content\/uploads\/2023\/07\/FB_IMG_1689871898948.jpg 1080w\" sizes=\"auto, (max-width: 1024px) 100vw, 1024px\" \/><\/figure>\n\n\n\n<p>27. Januar 2023: Musikalische Gestaltung des Neujahrsempfangs der Akademie der Deutschen Bundesbank, Schloss Hachenburg<\/p>\n\n\n\n<p>17. Dezember 2022: Adventskonzert, Abteikirche Marienstatt<\/p>\n\n\n\n<p>15. &#8211; 22. Oktober 2022: Kammerchor Marienstatt on the road &#8211; Italienreise<\/p>\n\n\n\n<figure class=\"wp-block-image size-large\"><img loading=\"lazy\" decoding=\"async\" width=\"1024\" height=\"769\" src=\"https:\/\/kammerchor-marienstatt.de\/wp-content\/uploads\/2024\/01\/Foto_Italien_Notestaender-1024x769.jpg\" alt=\"\" class=\"wp-image-179\" srcset=\"https:\/\/kammerchor-marienstatt.de\/wp-content\/uploads\/2024\/01\/Foto_Italien_Notestaender-1024x769.jpg 1024w, https:\/\/kammerchor-marienstatt.de\/wp-content\/uploads\/2024\/01\/Foto_Italien_Notestaender-300x225.jpg 300w, https:\/\/kammerchor-marienstatt.de\/wp-content\/uploads\/2024\/01\/Foto_Italien_Notestaender-768x577.jpg 768w, https:\/\/kammerchor-marienstatt.de\/wp-content\/uploads\/2024\/01\/Foto_Italien_Notestaender.jpg 1080w\" sizes=\"auto, (max-width: 1024px) 100vw, 1024px\" \/><\/figure>\n\n\n\n<p>Dezember 2021: Adventskonzert, katholische Kirche Hachenburg &#8211; pandemiebedingte Online-Version, abrufbar bei youtube unter: <a href=\"https:\/\/www.youtube.com\/watch?v=hUmfDr25XdQ\" target=\"_blank\" rel=\"noreferrer noopener\">Weihnachtskonzert des Kammerchores Marienstatt &#8211; YouTube<\/a><\/p>\n","protected":false},"excerpt":{"rendered":"<p>Samstag, 21. September 2025: Wandelkonzert Betzdorf-Bruche Sonntag, 27. April 2025: Konzert &#8222;Denn er hat seinen Engeln befohlen&#8220; gemeinsam mit Musica Vocalis aus Zwolle, Katholische Kirche Hachenburg Samstag, 26. April 2025: Geistliche Abendmusik, St. Peter in Ketten, Montabaur Freitag, 24. Januar 2025: Musikalische Gestaltung des Neujahrsempfangs der Akademie der Deutschen Bundesbank, Schloss Hachenburg Sonntag, 12. Januar&hellip; <a href=\"https:\/\/kammerchor-marienstatt.de\/?page_id=12\" class=\"read-more\">Continue reading Konzertarchiv<\/a><\/p>\n","protected":false},"author":1,"featured_media":0,"parent":0,"menu_order":0,"comment_status":"closed","ping_status":"closed","template":"","meta":{"footnotes":""},"class_list":["post-12","page","type-page","status-publish","hentry"],"_links":{"self":[{"href":"https:\/\/kammerchor-marienstatt.de\/index.php?rest_route=\/wp\/v2\/pages\/12","targetHints":{"allow":["GET"]}}],"collection":[{"href":"https:\/\/kammerchor-marienstatt.de\/index.php?rest_route=\/wp\/v2\/pages"}],"about":[{"href":"https:\/\/kammerchor-marienstatt.de\/index.php?rest_route=\/wp\/v2\/types\/page"}],"author":[{"embeddable":true,"href":"https:\/\/kammerchor-marienstatt.de\/index.php?rest_route=\/wp\/v2\/users\/1"}],"replies":[{"embeddable":true,"href":"https:\/\/kammerchor-marienstatt.de\/index.php?rest_route=%2Fwp%2Fv2%2Fcomments&post=12"}],"version-history":[{"count":18,"href":"https:\/\/kammerchor-marienstatt.de\/index.php?rest_route=\/wp\/v2\/pages\/12\/revisions"}],"predecessor-version":[{"id":277,"href":"https:\/\/kammerchor-marienstatt.de\/index.php?rest_route=\/wp\/v2\/pages\/12\/revisions\/277"}],"wp:attachment":[{"href":"https:\/\/kammerchor-marienstatt.de\/index.php?rest_route=%2Fwp%2Fv2%2Fmedia&parent=12"}],"curies":[{"name":"wp","href":"https:\/\/api.w.org\/{rel}","templated":true}]}}