{"id":11,"date":"2023-05-20T11:09:37","date_gmt":"2023-05-20T11:09:37","guid":{"rendered":"https:\/\/entwicklung.kammerchor-marienstatt.de\/?page_id=11"},"modified":"2025-02-24T19:38:11","modified_gmt":"2025-02-24T19:38:11","slug":"ueber-uns","status":"publish","type":"page","link":"https:\/\/kammerchor-marienstatt.de\/?page_id=11","title":{"rendered":"\u00dcber uns"},"content":{"rendered":"\n<h2 class=\"wp-block-heading\">Wer wir sind<\/h2>\n\n\n\n<figure class=\"wp-block-image size-large\"><img loading=\"lazy\" decoding=\"async\" width=\"1024\" height=\"683\" src=\"https:\/\/kammerchor-marienstatt.de\/wp-content\/uploads\/2023\/11\/RM2695-30x45-1-1024x683.jpg\" alt=\"\" class=\"wp-image-126\" srcset=\"https:\/\/kammerchor-marienstatt.de\/wp-content\/uploads\/2023\/11\/RM2695-30x45-1-1024x683.jpg 1024w, https:\/\/kammerchor-marienstatt.de\/wp-content\/uploads\/2023\/11\/RM2695-30x45-1-300x200.jpg 300w, https:\/\/kammerchor-marienstatt.de\/wp-content\/uploads\/2023\/11\/RM2695-30x45-1-768x512.jpg 768w, https:\/\/kammerchor-marienstatt.de\/wp-content\/uploads\/2023\/11\/RM2695-30x45-1-1536x1024.jpg 1536w, https:\/\/kammerchor-marienstatt.de\/wp-content\/uploads\/2023\/11\/RM2695-30x45-1-2048x1365.jpg 2048w\" sizes=\"auto, (max-width: 1024px) 100vw, 1024px\" \/><\/figure>\n\n\n\n<p>Der 1986 gegr\u00fcndete Kammerchor Marienstatt &#8211; Mitglied im Arbeitskreis Musik in der Jugend e. V. (AMJ) &#8211; wird seit dem Jahre 2005 von&nbsp;Veronika&nbsp;Zilles&nbsp;geleitet.<br><br>Das derzeit aus rund 35 Mitgliedern bestehende Ensemble erarbeitet in w\u00f6chentlichen Proben und einzelnen Probenwochenenden \u00fcberwiegend geistliche, aber auch weltliche Literatur von der Renaissance bis zur Moderne. Der Schwerpunkt liegt dabei besonders auf A-cappella-Werken der Romantik. Im Repertoire enthalten sind allerdings auch Kompositionen f\u00fcr Frauen- und M\u00e4nnerchor, sowie Kantaten, Orchestermessen und Oratorien. Anspruchsvolle neue Arrangements aus Jazz, Rock und Pop erg\u00e4nzen das Repertoire ebenso wie Madrigale.<br><br>Im Jahr 2014 hat der Chor mit gro\u00dfem Erfolg bei der Er\u00f6ffnung des Kultursommers Rheinland-Pfalz in Hachenburg mitgewirkt und die Marienvesper von Claudio Monteverdi musiziert. Das Publikum in der voll besetzten katholischen Kirche in Hachenburg war begeistert und spendierte minutenlange standing ovations. In der Folge erhielt der Kammerchor den von den Lions- und Rotary-Clubs des Westerwaldes ausgelobten Kulturpreis des Westerwaldes verliehen.<br><br>Im M\u00e4rz 2017 f\u00fchrte der Kammerchor in der Abteikirche Marienstatt mit gro\u00dfem Erfolg das Oratorium &#8222;Das J\u00fcngste Gericht&#8220; von Dieterich Buxtehude auf. Dabei wurde er von dem weltweit bekannten Bass Franz-Josef Selig unterst\u00fctzt.<br><br>Eine achtt\u00e4gige Konzertreise f\u00fchrte den Kammerchor im Oktober 2015 \u00fcber Innsbruck durch Norditalien. Dabei gab er stark beachtete Konzerte im Innsbrucker Dom, in der Kirche Santa Maria della Carit\u00e0 in Brescia und der Pfarrkirche von Remedello (N\u00e4he Gardasee). Schon im Oktober 2017 begab sich der Chor erneut auf Chorreise an den Gardasee und&nbsp; begeisterte dabei mit Konzerten in der Frauenkirche in N\u00fcrnberg, in Sal\u00f3, Remedello und Nave bei Brescia. Im Oktober 2022 f\u00fchrte den Chor eine weitere Konzertreise nach Italien, in deren Rahmen er in Memmingen, Brescia, Crema und Moniga auftreten durfte. Auch im Oktober 2024 war der Chor in Italien unterwegs &#8211; mit Auftritten in Augsburg, Moniga, Gussago und Asola.<\/p>\n\n\n\n<h2 class=\"wp-block-heading\">Unsere Chorleiterin<\/h2>\n\n\n\n<figure class=\"wp-block-image size-large\"><img loading=\"lazy\" decoding=\"async\" width=\"1024\" height=\"683\" src=\"https:\/\/kammerchor-marienstatt.de\/wp-content\/uploads\/2025\/02\/RM4720-Bundesbank-Veronika-1024x683.jpg\" alt=\"\" class=\"wp-image-240\" srcset=\"https:\/\/kammerchor-marienstatt.de\/wp-content\/uploads\/2025\/02\/RM4720-Bundesbank-Veronika-1024x683.jpg 1024w, https:\/\/kammerchor-marienstatt.de\/wp-content\/uploads\/2025\/02\/RM4720-Bundesbank-Veronika-300x200.jpg 300w, https:\/\/kammerchor-marienstatt.de\/wp-content\/uploads\/2025\/02\/RM4720-Bundesbank-Veronika-768x512.jpg 768w, https:\/\/kammerchor-marienstatt.de\/wp-content\/uploads\/2025\/02\/RM4720-Bundesbank-Veronika-1536x1024.jpg 1536w, https:\/\/kammerchor-marienstatt.de\/wp-content\/uploads\/2025\/02\/RM4720-Bundesbank-Veronika-2048x1365.jpg 2048w\" sizes=\"auto, (max-width: 1024px) 100vw, 1024px\" \/><\/figure>\n\n\n\n<p>Veronika Zilles studierte katholische Kirchenmusik in K\u00f6ln mit dem Hauptfach Orgel bei Prof. Dr. Michael Schneider und legte 1988 die staatliche Pr\u00fcfung f\u00fcr Kirchenmusiker (A-Examen) ab. 1991 absolvierte sie zum Abschluss eines Aufbaustudiums die k\u00fcnstlerische Abschlusspr\u00fcfung im Fach Orgel. Zus\u00e4tzliche Studien und Meisterkurse belegte sie bei Jean Langlais und Gaston Litaize (Paris), Prof. Dr. Ludger Lohmann (Stuttgart), Wolfgang R\u00fcbsam (Chicago) und Ewald Kooiman. Ein Cembalostudium bei Hugo Ruf in K\u00f6ln sowie Jon Laukvik in Stuttgart schloss sie mit der k\u00fcnstlerischen Pr\u00fcfung bei Prof. Jon Laukvik an der Musikhochschule Stuttgart ab.<br>Zur Zeit ist sie als Organistin in der Abteikirche Marienstatt im Westerwald, als Dirigentin des Evangelischen Schlosskirchenchores in Hachenburg, als Leiterin dreier Kinderch\u00f6re und als Organisatorin von regelm\u00e4\u00dfigen Kinderkonzerten in Hachenburg sowie als Musiklehrerin besonders f\u00fcr Chorklassen am Evangelischen Gymnasium Bad Marienberg t\u00e4tig. Zudem leitet sie als Dirigentin und Stimmbildnerin den Kammerchor Marienstatt, der an den Deutschen Chorwettbewerben auf Bundesebene in Fulda, Regensburg und Osnabr\u00fcck erfolgreich teilnahm. Daneben ist sie auch als S\u00e4ngerin, Konzertorganistin und Cembalistin t\u00e4tig.<\/p>\n\n\n\n<h2 class=\"wp-block-heading\">Chorprobe<\/h2>\n\n\n\n<p>Der Kammerchor Marienstatt probt regelm\u00e4\u00dfig jeden Mittwoch von 19:30 Uhr bis 22:00 Uhr im Pfarrhof der Katholischen Kirchengemeinde Maria Himmelfahrt Hachenburg (Salzgasse 11, 57627 Hachenburg).<br>Vor Konzertauff\u00fchrungen finden zus\u00e4tzlich auch Probenwochenenden statt. Stimmbildung, homogener Chorklang und stilgerechte Erarbeitung der Chorwerke sind das Ziel der Probenarbeit.<br>M\u00f6chten Sie bei uns mitsingen? Nehmen Sie gerne Kontakt zu uns auf und schreiben Sie uns via kontakt(at)kammerchor-marienstatt.de! Wir freuen uns auf Sie!<\/p>\n\n\n\n<figure class=\"wp-block-image size-large\"><img loading=\"lazy\" decoding=\"async\" width=\"1024\" height=\"683\" src=\"https:\/\/kammerchor-marienstatt.de\/wp-content\/uploads\/2025\/02\/RM4964-Bundesbank-Treppe-1024x683.jpg\" alt=\"\" class=\"wp-image-242\" srcset=\"https:\/\/kammerchor-marienstatt.de\/wp-content\/uploads\/2025\/02\/RM4964-Bundesbank-Treppe-1024x683.jpg 1024w, https:\/\/kammerchor-marienstatt.de\/wp-content\/uploads\/2025\/02\/RM4964-Bundesbank-Treppe-300x200.jpg 300w, https:\/\/kammerchor-marienstatt.de\/wp-content\/uploads\/2025\/02\/RM4964-Bundesbank-Treppe-768x512.jpg 768w, https:\/\/kammerchor-marienstatt.de\/wp-content\/uploads\/2025\/02\/RM4964-Bundesbank-Treppe-1536x1024.jpg 1536w, https:\/\/kammerchor-marienstatt.de\/wp-content\/uploads\/2025\/02\/RM4964-Bundesbank-Treppe-2048x1365.jpg 2048w\" sizes=\"auto, (max-width: 1024px) 100vw, 1024px\" \/><\/figure>\n","protected":false},"excerpt":{"rendered":"<p>Wer wir sind Der 1986 gegr\u00fcndete Kammerchor Marienstatt &#8211; Mitglied im Arbeitskreis Musik in der Jugend e. V. (AMJ) &#8211; wird seit dem Jahre 2005 von&nbsp;Veronika&nbsp;Zilles&nbsp;geleitet. Das derzeit aus rund 35 Mitgliedern bestehende Ensemble erarbeitet in w\u00f6chentlichen Proben und einzelnen Probenwochenenden \u00fcberwiegend geistliche, aber auch weltliche Literatur von der Renaissance bis zur Moderne. Der Schwerpunkt&hellip; <a href=\"https:\/\/kammerchor-marienstatt.de\/?page_id=11\" class=\"read-more\">Continue reading \u00dcber uns<\/a><\/p>\n","protected":false},"author":1,"featured_media":0,"parent":0,"menu_order":0,"comment_status":"closed","ping_status":"closed","template":"","meta":{"footnotes":""},"class_list":["post-11","page","type-page","status-publish","hentry"],"_links":{"self":[{"href":"https:\/\/kammerchor-marienstatt.de\/index.php?rest_route=\/wp\/v2\/pages\/11","targetHints":{"allow":["GET"]}}],"collection":[{"href":"https:\/\/kammerchor-marienstatt.de\/index.php?rest_route=\/wp\/v2\/pages"}],"about":[{"href":"https:\/\/kammerchor-marienstatt.de\/index.php?rest_route=\/wp\/v2\/types\/page"}],"author":[{"embeddable":true,"href":"https:\/\/kammerchor-marienstatt.de\/index.php?rest_route=\/wp\/v2\/users\/1"}],"replies":[{"embeddable":true,"href":"https:\/\/kammerchor-marienstatt.de\/index.php?rest_route=%2Fwp%2Fv2%2Fcomments&post=11"}],"version-history":[{"count":8,"href":"https:\/\/kammerchor-marienstatt.de\/index.php?rest_route=\/wp\/v2\/pages\/11\/revisions"}],"predecessor-version":[{"id":243,"href":"https:\/\/kammerchor-marienstatt.de\/index.php?rest_route=\/wp\/v2\/pages\/11\/revisions\/243"}],"wp:attachment":[{"href":"https:\/\/kammerchor-marienstatt.de\/index.php?rest_route=%2Fwp%2Fv2%2Fmedia&parent=11"}],"curies":[{"name":"wp","href":"https:\/\/api.w.org\/{rel}","templated":true}]}}